{"id":31,"date":"2020-12-19T10:35:07","date_gmt":"2020-12-19T09:35:07","guid":{"rendered":"https:\/\/plateforme-lea.fr\/?page_id=31"},"modified":"2021-02-04T10:19:42","modified_gmt":"2021-02-04T09:19:42","slug":"governance","status":"publish","type":"page","link":"https:\/\/plateforme-lea.fr\/en\/governance\/","title":{"rendered":"Governance"},"content":{"rendered":"<p>The governance charter of the LEA program defines various bodies. Their composition, responsibilities, modus operandi and interrelations are described below.<\/p>\n<p><img decoding=\"async\" class=\"wp-image-3217 aligncenter lazyload\" data-src=\"https:\/\/plateforme-lea.fr\/wp-content\/uploads\/2021\/01\/orga-EN-300x180.jpg\" alt=\"\" width=\"342\" height=\"205\" data-srcset=\"https:\/\/plateforme-lea.fr\/wp-content\/uploads\/2021\/01\/orga-EN-300x180.jpg 300w, https:\/\/plateforme-lea.fr\/wp-content\/uploads\/2021\/01\/orga-EN-768x460.jpg 768w, https:\/\/plateforme-lea.fr\/wp-content\/uploads\/2021\/01\/orga-EN.jpg 814w\" data-sizes=\"(max-width: 342px) 100vw, 342px\" src=\"data:image\/gif;base64,R0lGODlhAQABAAAAACH5BAEKAAEALAAAAAABAAEAAAICTAEAOw==\" style=\"--smush-placeholder-width: 342px; --smush-placeholder-aspect-ratio: 342\/205;\" \/><\/p>\n<p>&nbsp;<\/p>\n<div id=\"accordion-1\" class=\"accordion no-js\"><\/p>\n<p>\n\t\t\t\t\t<h2 role=\"button\" id=\"accordion-1-t1\" class=\"accordion-title js-accordion-controller\" aria-controls=\"accordion-1-c1\" aria-expanded=\"false\" tabindex=\"0\" data-initialstate=\"closed\">\n\t\t\t\tScientific managers\t\t\t<\/h2>\n\t\t\n\t\t<div id=\"accordion-1-c1\" class=\"accordion-content\" aria-hidden=\"true\">\n\t\t\t<\/p>\n<p><strong><span style=\"color: #ffa49c;\">Prof. Pascal Auquier<\/span><\/strong>, epidemiologist, public health expert and <strong><span style=\"color: #6697ff;\">Prof. G\u00e9rard Michel<\/span><\/strong>, Head of department, expert in the field of pediatric hematology-oncology coordinate the LEA program.<\/p>\n<p>\t\t<\/div>\n\n\t\t<\/p>\n<p>\n\t\t\t\t\t<h2 role=\"button\" id=\"accordion-1-t2\" class=\"accordion-title js-accordion-controller\" aria-controls=\"accordion-1-c2\" aria-expanded=\"false\" tabindex=\"0\" data-initialstate=\"closed\">\n\t\t\t\tThe Operational Coordinating Center (OCC)\t\t\t<\/h2>\n\t\t\n\t\t<div id=\"accordion-1-c2\" class=\"accordion-content\" aria-hidden=\"true\">\n\t\t\t<\/p>\n<p>The OCC ensures the logistical management of the LEA program and the coordination of all the teams. It is made up of :<\/p>\n<ul>\n<li>Scientific managers: <strong><span style=\"color: #ffa49c;\">Prof. Pascal Auquier<\/span><\/strong> and <strong><span style=\"color: #6697ff;\">Prof. G\u00e9rard Michel<\/span><\/strong><\/li>\n<li>Epidemiologist\u00a0(secretary): <span style=\"color: #6697ff;\"><strong>Prof. Julie Berbis<\/strong><\/span><\/li>\n<li>Pediatrician (vice-secretary)\u00a0: <strong><span style=\"color: #6697ff;\">Dr Paul Saultier<\/span><\/strong><\/li>\n<li>Project managers\u00a0: <strong><span style=\"color: #6697ff;\">Fran\u00e7oise Vion Dury<\/span><\/strong> and <span style=\"color: #6697ff;\"><strong>Vanessa Zepponi<\/strong><\/span><\/li>\n<li>Database manager and statistician engineers: <strong><span style=\"color: #6697ff;\">Alaa Mustafa Shawket<\/span><\/strong> et <span style=\"color: #6697ff;\"><strong>Zeinab Hamidou<\/strong><\/span>.<\/li>\n<\/ul>\n<p>The OCC implements and controls the modalities, in particular technical and organizational, for carrying out the project in accordance with the legal and regulatory provisions in force. The OCC records access requests (inputs) to LEA program data. The OCC assists the Bureau in implementing the guidelines set by the Steering Committee and in communication actions.<\/p>\n<p>\t\t<\/div>\n\n\t\t<\/p>\n<p>\n\t\t\t\t\t<h2 role=\"button\" id=\"accordion-1-t3\" class=\"accordion-title js-accordion-controller\" aria-controls=\"accordion-1-c3\" aria-expanded=\"false\" tabindex=\"0\" data-initialstate=\"closed\">\n\t\t\t\tThe Stearing and Strategic Orientation Committee\t\t\t<\/h2>\n\t\t\n\t\t<div id=\"accordion-1-c3\" class=\"accordion-content\" aria-hidden=\"true\">\n\t\t\t<\/p>\n<p>The Operational Coordinator Center (OCC) is under his authority and brings together representatives of all the project partner teams. The Steering Committee monitors the implementation and smooth running of the project. The Steering Committee is made up of ex officio members:<\/p>\n<ul>\n<li>Scientific managers: Prof. Pascal Auquier and Prof. G\u00e9rard Michel<\/li>\n<li>Principal investigators of each teams or their representatives<\/li>\n<li>Representatives of patients or patient associations : Laurette Fugain, Pour le fil d\u2019Ariane<\/li>\n<li>Secretary and vice- secretary of the plateform: Prof. Julie Berbis and Dr Paul Saultier<\/li>\n<li>Representative of Cancerop\u00f4le PACA : Clara Ducord<\/li>\n<li>Director of the Research and Innovation Department (AP-HM) or her representative\u00a0: Emilie Garrido Pradalie<\/li>\n<li>President of SFCE (Soci\u00e9t\u00e9 Fran\u00e7aise de lutte contre les Cancers et les leuc\u00e9mies de l&#8217;Enfant et de l&#8217;Adolescent) or her representative : Prof. Virginie Gandemer.<\/li>\n<\/ul>\n<p>The Steering Committee is also made up of permanent guest members:<\/p>\n<ul>\n<li>Heads of departments or cancer center managers of each investigating center<\/li>\n<li>Members of the Bureau (for those who are not ex officio members)<\/li>\n<li>Project managers\u00a0: Fran\u00e7oise Vion Dury and Vanessa Zepponi<\/li>\n<li>Adult onco-hematologist : Prof. Nicolas Boissel<\/li>\n<li>Representative of FCCSS (French childhood cancer survivor study) : Florent de Vathaire<\/li>\n<li>Representative of the National Quality of Life and Cancer Platform: Prof. Francis Guillemin<\/li>\n<li>Representative of INCa (French National Cancer Institute)<\/li>\n<li>Representative of la Ligue Nationale contre le Cancer: Iris Pauport\u00e9<\/li>\n<li>President of the Scientific Committee of SFCE (Soci\u00e9t\u00e9 Fran\u00e7aise de lutte contre les Cancers et les leuc\u00e9mies de l&#8217;Enfant et de l&#8217;Adolescent) or her representative : Prof. Jean Hugues Dalle<\/li>\n<li>Representative of Clinical Research Assistant: Astrid Bergerot<\/li>\n<li>President of the Scientific Council: Prof. Dominique Plantaz.<\/li>\n<\/ul>\n<p>\t\t<\/div>\n\n\t\t<\/p>\n<p>\n\t\t\t\t\t<h2 role=\"button\" id=\"accordion-1-t4\" class=\"accordion-title js-accordion-controller\" aria-controls=\"accordion-1-c4\" aria-expanded=\"false\" tabindex=\"0\" data-initialstate=\"closed\">\n\t\t\t\tThe Board\t\t\t<\/h2>\n\t\t\n\t\t<div id=\"accordion-1-c4\" class=\"accordion-content\" aria-hidden=\"true\">\n\t\t\t<\/p>\n<p>It is an offshoot of the Steering Committee. Its role is to implement all the practical steps of the project. It may propose to the Steering Committee the strategic orientations necessary for the smooth running and evolution of the project. It consists of:<\/p>\n<ul>\n<li>President of the Stearing and Strategic Orientation Committee: Prof. Nicolas Sirvent<\/li>\n<li>Scientific managers: Prof. Pascal Auquier and Prof. G\u00e9rard Michel<\/li>\n<li>Members representing the centers (appointed by the Steering Committee): Prof. Andr\u00e9 Baruchel, Prof. Yves Bertrand, Prof. Jean Hugues Dalle, Dr St\u00e9phane Ducassou, Prof. Virginie Gandemer, Dr Genevi\u00e8ve Plat, Dr Marie Dominique Tabone et Dr Sandrine Thouvenin<\/li>\n<li>Patient association representatives, former patients or patient parents : Pour le fil d\u2019Ariane<\/li>\n<li>Secretary and vice- secretary of the plateform: Prof. Julie Berbis and Dr Paul Saultier.<\/li>\n<\/ul>\n<p>\t\t<\/div>\n\n\t\t<\/p>\n<p>\n\t\t\t\t\t<h2 role=\"button\" id=\"accordion-1-t5\" class=\"accordion-title js-accordion-controller\" aria-controls=\"accordion-1-c5\" aria-expanded=\"false\" tabindex=\"0\" data-initialstate=\"closed\">\n\t\t\t\tThe Scientific Council\t\t\t<\/h2>\n\t\t\n\t\t<div id=\"accordion-1-c5\" class=\"accordion-content\" aria-hidden=\"true\">\n\t\t\t<\/p>\n<p>The general tasks of the Scientific Council are to formulate proposals for the scientific orientation of the LEA program to the Steering Committee and to evaluate the research activity in accordance with scientific guidelines.<\/p>\n<p>The Scientific Council is made up of 8 full members:<\/p>\n<ul>\n<li>Members of the LEA platform: Dr Carine Halfon Domenech, Prof. Arnaud Petit, Prof. Dominique Plantaz and Dr Maryline Poir\u00e9e<\/li>\n<li>People not members of the LEA platform (including an adult hematologist): Prof. Nicolas Boissel and Dr. Brice Fresneau<\/li>\n<li>Methodological epidemiologist: Dr Marie Viprey<\/li>\n<li><span class=\"VIiyi\" lang=\"en\"><span class=\"JLqJ4b ChMk0b\" data-language-for-alternatives=\"en\" data-language-to-translate-into=\"auto\" data-phrase-index=\"6\">Patient association representative: Les Aguerris<\/span><\/span><\/li>\n<\/ul>\n<p><span class=\"VIiyi\" lang=\"en\"><span class=\"JLqJ4b ChMk0b\" data-language-for-alternatives=\"en\" data-language-to-translate-into=\"auto\" data-phrase-index=\"0\">One of the<\/span> <span class=\"JLqJ4b ChMk0b\" data-language-for-alternatives=\"en\" data-language-to-translate-into=\"auto\" data-phrase-index=\"1\">two scientific managers<\/span> is invited on a permanent basis.<\/span><\/p>\n<p>\t\t<\/div>\n\n\t\t<\/p>\n<p><\/div>\n","protected":false},"excerpt":{"rendered":"<p>The governance charter of the LEA program defines various bodies. Their composition, responsibilities, modus operandi and interrelations are described below. [&hellip;]<\/p>\n","protected":false},"author":1,"featured_media":0,"parent":0,"menu_order":0,"comment_status":"closed","ping_status":"closed","template":"","meta":{"_acf_changed":false,"footnotes":""},"class_list":["post-31","page","type-page","status-publish","hentry"],"acf":[],"yoast_head":"<!-- This site is optimized with the Yoast SEO plugin v24.9 - https:\/\/yoast.com\/wordpress\/plugins\/seo\/ -->\n<title>Governance - Lea<\/title>\n<meta name=\"robots\" content=\"index, follow, max-snippet:-1, max-image-preview:large, max-video-preview:-1\" \/>\n<link rel=\"canonical\" href=\"https:\/\/plateforme-lea.fr\/en\/governance\/\" \/>\n<meta property=\"og:locale\" content=\"en_US\" \/>\n<meta property=\"og:type\" content=\"article\" \/>\n<meta property=\"og:title\" content=\"Governance - Lea\" \/>\n<meta property=\"og:description\" content=\"The governance charter of the LEA program defines various bodies. Their composition, responsibilities, modus operandi and interrelations are described below. [&hellip;]\" \/>\n<meta property=\"og:url\" content=\"https:\/\/plateforme-lea.fr\/en\/governance\/\" \/>\n<meta property=\"og:site_name\" content=\"Lea\" \/>\n<meta property=\"article:modified_time\" content=\"2021-02-04T09:19:42+00:00\" \/>\n<meta property=\"og:image\" content=\"https:\/\/plateforme-lea.fr\/wp-content\/uploads\/2021\/01\/orga-EN-300x180.jpg\" \/>\n<meta name=\"twitter:card\" content=\"summary_large_image\" \/>\n<meta name=\"twitter:label1\" content=\"Est. reading time\" \/>\n\t<meta name=\"twitter:data1\" content=\"4 minutes\" \/>\n<script type=\"application\/ld+json\" class=\"yoast-schema-graph\">{\"@context\":\"https:\/\/schema.org\",\"@graph\":[{\"@type\":[\"WebPage\",\"MedicalWebPage\"],\"@id\":\"https:\/\/plateforme-lea.fr\/en\/governance\/\",\"url\":\"https:\/\/plateforme-lea.fr\/en\/governance\/\",\"name\":\"Governance - Lea\",\"isPartOf\":{\"@id\":\"https:\/\/plateforme-lea.fr\/en\/#website\"},\"primaryImageOfPage\":{\"@id\":\"https:\/\/plateforme-lea.fr\/en\/governance\/#primaryimage\"},\"image\":{\"@id\":\"https:\/\/plateforme-lea.fr\/en\/governance\/#primaryimage\"},\"thumbnailUrl\":\"https:\/\/plateforme-lea.fr\/wp-content\/uploads\/2021\/01\/orga-EN-300x180.jpg\",\"datePublished\":\"2020-12-19T09:35:07+00:00\",\"dateModified\":\"2021-02-04T09:19:42+00:00\",\"breadcrumb\":{\"@id\":\"https:\/\/plateforme-lea.fr\/en\/governance\/#breadcrumb\"},\"inLanguage\":\"en-US\",\"potentialAction\":[{\"@type\":\"ReadAction\",\"target\":[\"https:\/\/plateforme-lea.fr\/en\/governance\/\"]}]},{\"@type\":\"ImageObject\",\"inLanguage\":\"en-US\",\"@id\":\"https:\/\/plateforme-lea.fr\/en\/governance\/#primaryimage\",\"url\":\"https:\/\/plateforme-lea.fr\/wp-content\/uploads\/2021\/01\/orga-EN-300x180.jpg\",\"contentUrl\":\"https:\/\/plateforme-lea.fr\/wp-content\/uploads\/2021\/01\/orga-EN-300x180.jpg\"},{\"@type\":\"BreadcrumbList\",\"@id\":\"https:\/\/plateforme-lea.fr\/en\/governance\/#breadcrumb\",\"itemListElement\":[{\"@type\":\"ListItem\",\"position\":1,\"name\":\"Home\",\"item\":\"https:\/\/plateforme-lea.fr\/en\/\"},{\"@type\":\"ListItem\",\"position\":2,\"name\":\"Governance\"}]},{\"@type\":\"WebSite\",\"@id\":\"https:\/\/plateforme-lea.fr\/en\/#website\",\"url\":\"https:\/\/plateforme-lea.fr\/en\/\",\"name\":\"Lea\",\"description\":\"Malignant haemopathies in children and adolescents\",\"publisher\":{\"@id\":\"https:\/\/plateforme-lea.fr\/en\/#organization\"},\"potentialAction\":[{\"@type\":\"SearchAction\",\"target\":{\"@type\":\"EntryPoint\",\"urlTemplate\":\"https:\/\/plateforme-lea.fr\/en\/?s={search_term_string}\"},\"query-input\":{\"@type\":\"PropertyValueSpecification\",\"valueRequired\":true,\"valueName\":\"search_term_string\"}}],\"inLanguage\":\"en-US\"},{\"@type\":\"Organization\",\"@id\":\"https:\/\/plateforme-lea.fr\/en\/#organization\",\"name\":\"Plateforme LEA\",\"url\":\"https:\/\/plateforme-lea.fr\/en\/\",\"logo\":{\"@type\":\"ImageObject\",\"inLanguage\":\"en-US\",\"@id\":\"https:\/\/plateforme-lea.fr\/en\/#\/schema\/logo\/image\/\",\"url\":\"https:\/\/plateforme-lea.fr\/wp-content\/uploads\/2020\/12\/cropped-lea-logotype.png\",\"contentUrl\":\"https:\/\/plateforme-lea.fr\/wp-content\/uploads\/2020\/12\/cropped-lea-logotype.png\",\"width\":600,\"height\":260,\"caption\":\"Plateforme LEA\"},\"image\":{\"@id\":\"https:\/\/plateforme-lea.fr\/en\/#\/schema\/logo\/image\/\"}}]}<\/script>\n<!-- \/ Yoast SEO plugin. -->","yoast_head_json":{"title":"Governance - Lea","robots":{"index":"index","follow":"follow","max-snippet":"max-snippet:-1","max-image-preview":"max-image-preview:large","max-video-preview":"max-video-preview:-1"},"canonical":"https:\/\/plateforme-lea.fr\/en\/governance\/","og_locale":"en_US","og_type":"article","og_title":"Governance - Lea","og_description":"The governance charter of the LEA program defines various bodies. Their composition, responsibilities, modus operandi and interrelations are described below. [&hellip;]","og_url":"https:\/\/plateforme-lea.fr\/en\/governance\/","og_site_name":"Lea","article_modified_time":"2021-02-04T09:19:42+00:00","og_image":[{"url":"https:\/\/plateforme-lea.fr\/wp-content\/uploads\/2021\/01\/orga-EN-300x180.jpg","type":"","width":"","height":""}],"twitter_card":"summary_large_image","twitter_misc":{"Est. reading time":"4 minutes"},"schema":{"@context":"https:\/\/schema.org","@graph":[{"@type":["WebPage","MedicalWebPage"],"@id":"https:\/\/plateforme-lea.fr\/en\/governance\/","url":"https:\/\/plateforme-lea.fr\/en\/governance\/","name":"Governance - Lea","isPartOf":{"@id":"https:\/\/plateforme-lea.fr\/en\/#website"},"primaryImageOfPage":{"@id":"https:\/\/plateforme-lea.fr\/en\/governance\/#primaryimage"},"image":{"@id":"https:\/\/plateforme-lea.fr\/en\/governance\/#primaryimage"},"thumbnailUrl":"https:\/\/plateforme-lea.fr\/wp-content\/uploads\/2021\/01\/orga-EN-300x180.jpg","datePublished":"2020-12-19T09:35:07+00:00","dateModified":"2021-02-04T09:19:42+00:00","breadcrumb":{"@id":"https:\/\/plateforme-lea.fr\/en\/governance\/#breadcrumb"},"inLanguage":"en-US","potentialAction":[{"@type":"ReadAction","target":["https:\/\/plateforme-lea.fr\/en\/governance\/"]}]},{"@type":"ImageObject","inLanguage":"en-US","@id":"https:\/\/plateforme-lea.fr\/en\/governance\/#primaryimage","url":"https:\/\/plateforme-lea.fr\/wp-content\/uploads\/2021\/01\/orga-EN-300x180.jpg","contentUrl":"https:\/\/plateforme-lea.fr\/wp-content\/uploads\/2021\/01\/orga-EN-300x180.jpg"},{"@type":"BreadcrumbList","@id":"https:\/\/plateforme-lea.fr\/en\/governance\/#breadcrumb","itemListElement":[{"@type":"ListItem","position":1,"name":"Home","item":"https:\/\/plateforme-lea.fr\/en\/"},{"@type":"ListItem","position":2,"name":"Governance"}]},{"@type":"WebSite","@id":"https:\/\/plateforme-lea.fr\/en\/#website","url":"https:\/\/plateforme-lea.fr\/en\/","name":"Lea","description":"Malignant haemopathies in children and adolescents","publisher":{"@id":"https:\/\/plateforme-lea.fr\/en\/#organization"},"potentialAction":[{"@type":"SearchAction","target":{"@type":"EntryPoint","urlTemplate":"https:\/\/plateforme-lea.fr\/en\/?s={search_term_string}"},"query-input":{"@type":"PropertyValueSpecification","valueRequired":true,"valueName":"search_term_string"}}],"inLanguage":"en-US"},{"@type":"Organization","@id":"https:\/\/plateforme-lea.fr\/en\/#organization","name":"Plateforme LEA","url":"https:\/\/plateforme-lea.fr\/en\/","logo":{"@type":"ImageObject","inLanguage":"en-US","@id":"https:\/\/plateforme-lea.fr\/en\/#\/schema\/logo\/image\/","url":"https:\/\/plateforme-lea.fr\/wp-content\/uploads\/2020\/12\/cropped-lea-logotype.png","contentUrl":"https:\/\/plateforme-lea.fr\/wp-content\/uploads\/2020\/12\/cropped-lea-logotype.png","width":600,"height":260,"caption":"Plateforme LEA"},"image":{"@id":"https:\/\/plateforme-lea.fr\/en\/#\/schema\/logo\/image\/"}}]}},"_links":{"self":[{"href":"https:\/\/plateforme-lea.fr\/en\/wp-json\/wp\/v2\/pages\/31","targetHints":{"allow":["GET"]}}],"collection":[{"href":"https:\/\/plateforme-lea.fr\/en\/wp-json\/wp\/v2\/pages"}],"about":[{"href":"https:\/\/plateforme-lea.fr\/en\/wp-json\/wp\/v2\/types\/page"}],"author":[{"embeddable":true,"href":"https:\/\/plateforme-lea.fr\/en\/wp-json\/wp\/v2\/users\/1"}],"replies":[{"embeddable":true,"href":"https:\/\/plateforme-lea.fr\/en\/wp-json\/wp\/v2\/comments?post=31"}],"version-history":[{"count":0,"href":"https:\/\/plateforme-lea.fr\/en\/wp-json\/wp\/v2\/pages\/31\/revisions"}],"wp:attachment":[{"href":"https:\/\/plateforme-lea.fr\/en\/wp-json\/wp\/v2\/media?parent=31"}],"curies":[{"name":"wp","href":"https:\/\/api.w.org\/{rel}","templated":true}]}}