{"id":29,"date":"2020-12-19T10:31:26","date_gmt":"2020-12-19T09:31:26","guid":{"rendered":"https:\/\/plateforme-lea.fr\/?page_id=29"},"modified":"2021-06-02T15:40:03","modified_gmt":"2021-06-02T13:40:03","slug":"equipes-impliquees","status":"publish","type":"page","link":"https:\/\/plateforme-lea.fr\/en\/equipes-impliquees\/","title":{"rendered":"Teams involved"},"content":{"rendered":"<p>The program, initiated in 2004 in Marseille and Nancy, brings together <span style=\"color: #6697ff;\"><strong>18 university hospital centers<\/strong><\/span> in 2020. This progressive extension profoundly improves the size of the cohort and the managers of each center bring recognized competence. <span style=\"color: #6697ff;\"><strong>Project management is carried out in Marseille.<\/strong><\/span><\/p>\n<h2>Research Team<\/h2>\n<div id=\"accordion-1\" class=\"accordion no-js\"><\/p>\n<p>\n\t\t\t\t\t<h3 role=\"button\" id=\"accordion-1-t1\" class=\"accordion-title js-accordion-controller\" aria-controls=\"accordion-1-c1\" aria-expanded=\"false\" tabindex=\"0\" data-initialstate=\"closed\">\n\t\t\t\tUR 3279 : Health Service Research and Quality of Life Center (CEReSS), Aix-Marseille University\t\t\t<\/h3>\n\t\t\n\t\t<div id=\"accordion-1-c1\" class=\"accordion-content\" aria-hidden=\"true\">\n\t\t\t<\/p>\n<p>Coordinating investigator: Prof. Pascal Auquier<\/p>\n<p>\t\t<\/div>\n\n\t\t<\/p>\n<p><\/div>\n<p>&nbsp;<\/p>\n<h2>Medical Teams<\/h2>\n<div id=\"accordion-2\" class=\"accordion no-js\"><\/p>\n<p>\n\t\t\t\t\t<h3 role=\"button\" id=\"accordion-2-t1\" class=\"accordion-title js-accordion-controller\" aria-controls=\"accordion-2-c1\" aria-expanded=\"false\" tabindex=\"0\" data-initialstate=\"closed\">\n\t\t\t\tCenter 1 : CHU Marseille H\u00f4pital la Timone\t\t\t<\/h3>\n\t\t\n\t\t<div id=\"accordion-2-c1\" class=\"accordion-content\" aria-hidden=\"true\">\n\t\t\t<\/p>\n<p><span style=\"color: #6697ff;\"><strong>Department of Pediatric Hematology and Oncology<\/strong><\/span><br \/>\nHead of department : Prof. Herv\u00e9 Chambost<br \/>\nCoordinating investigator : Prof. G\u00e9rard Michel<br \/>\nClinical Research Assistant : Astrid Bergerot<br \/>\n<a href=\"http:\/\/fr.ap-hm.fr\" target=\"_blank\" rel=\"noopener\">www.fr.ap-hm.fr<\/a><\/p>\n<p>\t\t<\/div>\n\n\t\t<\/p>\n<p>\n\t\t\t\t\t<h3 role=\"button\" id=\"accordion-2-t2\" class=\"accordion-title js-accordion-controller\" aria-controls=\"accordion-2-c2\" aria-expanded=\"false\" tabindex=\"0\" data-initialstate=\"closed\">\n\t\t\t\tCenter 2 : CHU Nancy H\u00f4pital Brabois\t\t\t<\/h3>\n\t\t\n\t\t<div id=\"accordion-2-c2\" class=\"accordion-content\" aria-hidden=\"true\">\n\t\t\t<\/p>\n<p><span style=\"color: #6697ff;\"><strong>Department of Pediatric Onco-Hematology<\/strong><\/span><br \/>\nHead of department : Prof. Pascal Chastagner<br \/>\nPrincipal investigator : Prof. Pascal Chastagner<br \/>\nClinical Research Assistant : Laurence Nui<br \/>\n<a href=\"http:\/\/www.chu-nancy.fr\">www.chu-nancy.fr<\/a><\/p>\n<p>\t\t<\/div>\n\n\t\t<\/p>\n<p>\n\t\t\t\t\t<h3 role=\"button\" id=\"accordion-2-t3\" class=\"accordion-title js-accordion-controller\" aria-controls=\"accordion-2-c3\" aria-expanded=\"false\" tabindex=\"0\" data-initialstate=\"closed\">\n\t\t\t\tCenter 3 : CHU Nice H\u00f4pital L\u2019Archet\t\t\t<\/h3>\n\t\t\n\t\t<div id=\"accordion-2-c3\" class=\"accordion-content\" aria-hidden=\"true\">\n\t\t\t<\/p>\n<p><span style=\"color: #6697ff;\"><strong>Department of Pediatric Hematology and Oncology<\/strong><\/span><br \/>\nHead of department : Prof. Pierre-Simon Rohrlich<br \/>\nPrincipal investigator : Dr Maryline Poir\u00e9e<br \/>\nClinical Research Assistant : Biljana Hadzic<br \/>\n<a href=\"http:\/\/www.chu-nice.fr\" target=\"_blank\" rel=\"noopener\">www.chu-nice.fr<\/a><\/p>\n<p>\t\t<\/div>\n\n\t\t<\/p>\n<p>\n\t\t\t\t\t<h3 role=\"button\" id=\"accordion-2-t4\" class=\"accordion-title js-accordion-controller\" aria-controls=\"accordion-2-c4\" aria-expanded=\"false\" tabindex=\"0\" data-initialstate=\"closed\">\n\t\t\t\tCenter 4 : CHU Clermont-Ferrand Centre R\u00e9gional de Canc\u00e9rologie et Th\u00e9rapie Cellulaire P\u00e9diatrique\t\t\t<\/h3>\n\t\t\n\t\t<div id=\"accordion-2-c4\" class=\"accordion-content\" aria-hidden=\"true\">\n\t\t\t<\/p>\n<p><span style=\"color: #6697ff;\"><strong>Department of Pediatric Hematology and Oncology<\/strong><\/span><br \/>\nHead of department : Prof. Justyna Kanold<br \/>\nPrincipal investigator : Prof. Justyna Kanold<br \/>\nClinical Research Assistant : Nad\u00e8ge Rouel<br \/>\n<a href=\"http:\/\/www.chu-clermontferrand.fr\" target=\"_blank\" rel=\"noopener\">www.chu-clermontferrand.fr<\/a><\/p>\n<p>\t\t<\/div>\n\n\t\t<\/p>\n<p>\n\t\t\t\t\t<h3 role=\"button\" id=\"accordion-2-t5\" class=\"accordion-title js-accordion-controller\" aria-controls=\"accordion-2-c5\" aria-expanded=\"false\" tabindex=\"0\" data-initialstate=\"closed\">\n\t\t\t\tCenter 5 : CHU Grenoble H\u00f4pital\t\t\t<\/h3>\n\t\t\n\t\t<div id=\"accordion-2-c5\" class=\"accordion-content\" aria-hidden=\"true\">\n\t\t\t<\/p>\n<p><span style=\"color: #6697ff;\"><strong>Department of Pediatric Hematology-Oncology<\/strong><\/span><br \/>\nHead of department : Prof. Dominique Plantaz<br \/>\nPrincipal investigator : Prof. Dominique Plantaz<br \/>\nClinical Research Assistant : Marie-Pierre Martin<br \/>\n<a href=\"https:\/\/www.chu-grenoble.fr\/\" target=\"_blank\" rel=\"noopener\">www.chu-grenoble.fr<\/a><\/p>\n<p>\t\t<\/div>\n\n\t\t<\/p>\n<p>\n\t\t\t\t\t<h3 role=\"button\" id=\"accordion-2-t6\" class=\"accordion-title js-accordion-controller\" aria-controls=\"accordion-2-c6\" aria-expanded=\"false\" tabindex=\"0\" data-initialstate=\"closed\">\n\t\t\t\tCenter 6 : CHU Lyon Institut d\u2019H\u00e9matologie et Oncologie P\u00e9diatrique\t\t\t<\/h3>\n\t\t\n\t\t<div id=\"accordion-2-c6\" class=\"accordion-content\" aria-hidden=\"true\">\n\t\t\t<\/p>\n<p><span style=\"color: #6697ff;\"><strong>Pediatric Hematology and Oncology Institute (IHOPe)<\/strong><\/span><br \/>\nHead of department: Prof. Yves Bertrand<br \/>\nPrincipal investigator : Prof. Yves Bertrand<br \/>\nClinical Research Assistant : Julie-Yi Hu<br \/>\n<a href=\"http:\/\/www.ihope.fr\" target=\"_blank\" rel=\"noopener\">www.ihope.fr<\/a><\/p>\n<p>\t\t<\/div>\n\n\t\t<\/p>\n<p>\n\t\t\t\t\t<h3 role=\"button\" id=\"accordion-2-t7\" class=\"accordion-title js-accordion-controller\" aria-controls=\"accordion-2-c7\" aria-expanded=\"false\" tabindex=\"0\" data-initialstate=\"closed\">\n\t\t\t\tCenter 7 : CHU Paris H\u00f4pital Armand Trousseau\t\t\t<\/h3>\n\t\t\n\t\t<div id=\"accordion-2-c7\" class=\"accordion-content\" aria-hidden=\"true\">\n\t\t\t<\/p>\n<p><span style=\"color: #6697ff;\"><strong>Department of Pediatric Hematology and Oncology<\/strong><\/span><br \/>\nHead of department : Prof. Guy Leverger<br \/>\nPrincipal investigator : Dr Marie-Dominique Tabone<br \/>\nClinical Research Assistant : Lat\u00e9fa Bouayad Agha<br \/>\n<a href=\"http:\/\/trousseau.aphp.fr\/\" target=\"_blank\" rel=\"noopener\">www.trousseau.aphp.fr<\/a><\/p>\n<p>\t\t<\/div>\n\n\t\t<\/p>\n<p>\n\t\t\t\t\t<h3 role=\"button\" id=\"accordion-2-t8\" class=\"accordion-title js-accordion-controller\" aria-controls=\"accordion-2-c8\" aria-expanded=\"false\" tabindex=\"0\" data-initialstate=\"closed\">\n\t\t\t\tCenter 8 : CHU Saint Etienne H\u00f4pital Nord\t\t\t<\/h3>\n\t\t\n\t\t<div id=\"accordion-2-c8\" class=\"accordion-content\" aria-hidden=\"true\">\n\t\t\t<\/p>\n<p><span style=\"color: #6697ff;\"><strong>Department of Pediatric Hematology<\/strong><\/span><br \/>\nHead of department : Prof. Jean Louis Stephan<br \/>\nPrincipal investigator : Dr Sandrine Thouvenin-Doulet<br \/>\nClinical Research Assistant : Catherine Soler<br \/>\n<a href=\"http:\/\/www.chu-st-etienne.fr\/\" target=\"_blank\" rel=\"noopener\">www.chu-st-etienne.fr<\/a><\/p>\n<p>\t\t<\/div>\n\n\t\t<\/p>\n<p>\n\t\t\t\t\t<h3 role=\"button\" id=\"accordion-2-t9\" class=\"accordion-title js-accordion-controller\" aria-controls=\"accordion-2-c9\" aria-expanded=\"false\" tabindex=\"0\" data-initialstate=\"closed\">\n\t\t\t\tCenter 9 : CHU Paris H\u00f4pital Saint Louis\t\t\t<\/h3>\n\t\t\n\t\t<div id=\"accordion-2-c9\" class=\"accordion-content\" aria-hidden=\"true\">\n\t\t\t<\/p>\n<p><span style=\"color: #6697ff;\"><strong>Adolescent and Young Adult Hematology Department<\/strong><\/span><br \/>\nHead of department : Prof. Nicolas Boissel<br \/>\nPrincipal investigator : Prof. Andr\u00e9 Baruchel<br \/>\nClinical Research Assistant : Marie-No\u00eblle Moukoko<br \/>\n<a href=\"http:\/\/hopital-saintlouis.aphp.fr\/\" target=\"_blank\" rel=\"noopener\">www.hopital-saintlouis.aphp.fr<\/a><\/p>\n<p>\t\t<\/div>\n\n\t\t<\/p>\n<p>\n\t\t\t\t\t<h3 role=\"button\" id=\"accordion-2-t10\" class=\"accordion-title js-accordion-controller\" aria-controls=\"accordion-2-c10\" aria-expanded=\"false\" tabindex=\"0\" data-initialstate=\"closed\">\n\t\t\t\tCenter 10 : CHU Rennes H\u00f4pital Sud\t\t\t<\/h3>\n\t\t\n\t\t<div id=\"accordion-2-c10\" class=\"accordion-content\" aria-hidden=\"true\">\n\t\t\t<\/p>\n<p><span style=\"color: #6697ff;\"><strong>Department of Pediatric Hematology and Oncology<\/strong><\/span><br \/>\nHead of department : Prof. Virginie Gandemer<br \/>\nPrincipal investigator : Prof. Virginie Gandemer<br \/>\nClinical Research Assistant : Anne-Marie Lamour<br \/>\n<a href=\"https:\/\/www.chu-rennes.fr\/\" target=\"_blank\" rel=\"noopener\">www.chu-rennes.fr<\/a><\/p>\n<p>\t\t<\/div>\n\n\t\t<\/p>\n<p>\n\t\t\t\t\t<h3 role=\"button\" id=\"accordion-2-t11\" class=\"accordion-title js-accordion-controller\" aria-controls=\"accordion-2-c11\" aria-expanded=\"false\" tabindex=\"0\" data-initialstate=\"closed\">\n\t\t\t\tCenter 11 : CHU Montpellier H\u00f4pital Arnaud de Villeneuve\t\t\t<\/h3>\n\t\t\n\t\t<div id=\"accordion-2-c11\" class=\"accordion-content\" aria-hidden=\"true\">\n\t\t\t<\/p>\n<p><span style=\"color: #6697ff;\"><strong>Department of Pediatric Hematology and Oncology<\/strong><\/span><br \/>\nHead of department : Prof. Nicolas Sirvent<br \/>\nPrincipal investigator : Prof. Nicolas Sirvent<br \/>\nClinical Research Assistant : Nour Elkhatib<br \/>\n<a href=\"https:\/\/www.chu-montpellier.fr\" target=\"_blank\" rel=\"noopener\">www.chu-montpellier.fr<\/a>\t\t<\/div>\n\n\t\t<\/p>\n<p>\n\t\t\t\t\t<h3 role=\"button\" id=\"accordion-2-t12\" class=\"accordion-title js-accordion-controller\" aria-controls=\"accordion-2-c12\" aria-expanded=\"false\" tabindex=\"0\" data-initialstate=\"closed\">\n\t\t\t\tCenter 12 : CHU Paris H\u00f4pital Robert Debr\u00e9\t\t\t<\/h3>\n\t\t\n\t\t<div id=\"accordion-2-c12\" class=\"accordion-content\" aria-hidden=\"true\">\n\t\t\t<\/p>\n<p><span style=\"color: #6697ff;\"><strong>Department of Pediatric Hematology<\/strong><\/span><br \/>\nHead of department : Prof. Andr\u00e9 Baruchel<br \/>\nPrincipal investigator : Prof. Jean-Hugues Dalle<br \/>\nClinical Research Assistant : Marie-No\u00eblle Moukoko<br \/>\n<a href=\"http:\/\/robertdebre.aphp.fr\/\" target=\"_blank\" rel=\"noopener\">www.robertdebre.aphp.fr<\/a><\/p>\n<p>\t\t<\/div>\n\n\t\t<\/p>\n<p>\n\t\t\t\t\t<h3 role=\"button\" id=\"accordion-2-t13\" class=\"accordion-title js-accordion-controller\" aria-controls=\"accordion-2-c13\" aria-expanded=\"false\" tabindex=\"0\" data-initialstate=\"closed\">\n\t\t\t\tCenter 13 : CHU Bordeaux H\u00f4pital Pellegrin\t\t\t<\/h3>\n\t\t\n\t\t<div id=\"accordion-2-c13\" class=\"accordion-content\" aria-hidden=\"true\">\n\t\t\t<\/p>\n<p><span style=\"color: #6697ff;\"><strong>Department of Pediatric Hematology and Oncology<\/strong><\/span><br \/>\nChef de service : Dr Anne Notz-Carrere<br \/>\nPrincipal investigator : Dr Sophie Ansoborlo<br \/>\nClinical Research Assistant : Laur\u00e8ne Guillot<br \/>\n<a href=\"https:\/\/www.chu-bordeaux.fr\/\" target=\"_blank\" rel=\"noopener\">www.chu-bordeaux.fr<\/a><\/p>\n<p>\t\t<\/div>\n\n\t\t<\/p>\n<p>\n\t\t\t\t\t<h3 role=\"button\" id=\"accordion-2-t14\" class=\"accordion-title js-accordion-controller\" aria-controls=\"accordion-2-c14\" aria-expanded=\"false\" tabindex=\"0\" data-initialstate=\"closed\">\n\t\t\t\tCenter 14 : CHU Strasbourg H\u00f4pital De Hautepierre\t\t\t<\/h3>\n\t\t\n\t\t<div id=\"accordion-2-c14\" class=\"accordion-content\" aria-hidden=\"true\">\n\t\t\t<\/p>\n<p><span style=\"color: #6697ff;\"><strong>Department of Pediatric Hematology-Oncology<\/strong><\/span><br \/>\nHead of department : Prof. Catherine Paillard<br \/>\nPrincipal investigator : Prof. Catherine Paillard<br \/>\nClinical Research Assistant : Ludivine Vitet<br \/>\n<a href=\"http:\/\/www.chru-strasbourg.fr\/\" target=\"_blank\" rel=\"noopener\">www.chru-strasbourg.fr<\/a><\/p>\n<p>\t\t<\/div>\n\n\t\t<\/p>\n<p>\n\t\t\t\t\t<h3 role=\"button\" id=\"accordion-2-t15\" class=\"accordion-title js-accordion-controller\" aria-controls=\"accordion-2-c15\" aria-expanded=\"false\" tabindex=\"0\" data-initialstate=\"closed\">\n\t\t\t\tCenter 15 : CHU Angers\t\t\t<\/h3>\n\t\t\n\t\t<div id=\"accordion-2-c15\" class=\"accordion-content\" aria-hidden=\"true\">\n\t\t\t<\/p>\n<p><span style=\"color: #6697ff;\"><strong>Department of Immunology Hematology and Oncology Pediatric<\/strong><\/span><br \/>\nHead of department : Prof. Isabelle Pellier<br \/>\nPrincipal investigator : Prof. Isabelle Pellier<br \/>\nClinical Research Assistant : Pascal Veillon<br \/>\n<a href=\"https:\/\/www.chu-angers.fr\/\" target=\"_blank\" rel=\"noopener\">www.chu-angers.fr<\/a><\/p>\n<p>\t\t<\/div>\n\n\t\t<\/p>\n<p>\n\t\t\t\t\t<h3 role=\"button\" id=\"accordion-2-t16\" class=\"accordion-title js-accordion-controller\" aria-controls=\"accordion-2-c16\" aria-expanded=\"false\" tabindex=\"0\" data-initialstate=\"closed\">\n\t\t\t\tCenter 16 : CHU Toulouse\t\t\t<\/h3>\n\t\t\n\t\t<div id=\"accordion-2-c16\" class=\"accordion-content\" aria-hidden=\"true\">\n\t\t\t<\/p>\n<p><span style=\"color: #6697ff;\"><strong style=\"font-size: 1rem;\">Pediatric <\/strong><strong>Department &#8211; Hematology, Immunology and Oncology<\/strong><\/span><br \/>\nHead of department : Dr Marie-Pierre Castex<br \/>\nPrincipal investigator : Dr Genevi\u00e8ve Plat<br \/>\nClinical Research Assistant : Yu Jin Salel<br \/>\n<a href=\"http:\/\/www.chu-toulouse.fr\" target=\"_blank\" rel=\"noopener\">www.chu-toulouse.fr<\/a><\/p>\n<p>\t\t<\/div>\n\n\t\t<\/p>\n<p>\n\t\t\t\t\t<h3 role=\"button\" id=\"accordion-2-t17\" class=\"accordion-title js-accordion-controller\" aria-controls=\"accordion-2-c17\" aria-expanded=\"false\" tabindex=\"0\" data-initialstate=\"closed\">\n\t\t\t\tCenter 17 : CHU La R\u00e9union site Nord\t\t\t<\/h3>\n\t\t\n\t\t<div id=\"accordion-2-c17\" class=\"accordion-content\" aria-hidden=\"true\">\n\t\t\t<\/p>\n<p><span style=\"color: #6697ff;\"><strong>Department of Oncology and Hematology Pediatric<\/strong><\/span><br \/>\nHead of department : Dr Yves R\u00e9guerre<br \/>\nPrincipal investigator : Dr Sandrine Bohrer<br \/>\nClinical Research Assistant : Hajar Harmachi<br \/>\n<a href=\"http:\/\/www.chu-reunion.fr\" target=\"_blank\" rel=\"noopener\">www.chu-reunion.fr<\/a><\/p>\n<p>\t\t<\/div>\n\n\t\t<\/p>\n<p>\n\t\t\t\t\t<h3 role=\"button\" id=\"accordion-2-t18\" class=\"accordion-title js-accordion-controller\" aria-controls=\"accordion-2-c18\" aria-expanded=\"false\" tabindex=\"0\" data-initialstate=\"closed\">\n\t\t\t\tCenter 18 : CHU Rouen\t\t\t<\/h3>\n\t\t\n\t\t<div id=\"accordion-2-c18\" class=\"accordion-content\" aria-hidden=\"true\">\n\t\t\t<\/p>\n<p><span style=\"color: #6697ff;\"><strong>Department of Hemato-Immuno-Oncology Pediatric<\/strong><\/span><br \/>\nHead of department : Prof. Pascale Schneider<br \/>\nPrincipal investigator : Prof. Pascale Schneider<br \/>\nClinical Research Assistant : Hind Berrahmoune<br \/>\n<a href=\"https:\/\/www.chu-rouen.fr\/\" target=\"_blank\" rel=\"noopener\">www.chu-rouen.fr<\/a><\/p>\n<p>\t\t<\/div>\n\n\t\t<\/p>\n<p><\/div>\n","protected":false},"excerpt":{"rendered":"<p>The program, initiated in 2004 in Marseille and Nancy, brings together 18 university hospital centers in 2020. This progressive extension [&hellip;]<\/p>\n","protected":false},"author":1,"featured_media":0,"parent":0,"menu_order":0,"comment_status":"closed","ping_status":"closed","template":"","meta":{"_acf_changed":false,"footnotes":""},"class_list":["post-29","page","type-page","status-publish","hentry"],"acf":[],"yoast_head":"<!-- This site is optimized with the Yoast SEO plugin v24.9 - https:\/\/yoast.com\/wordpress\/plugins\/seo\/ -->\n<title>Teams involved - Lea<\/title>\n<meta name=\"robots\" content=\"index, follow, max-snippet:-1, max-image-preview:large, max-video-preview:-1\" \/>\n<link rel=\"canonical\" href=\"https:\/\/plateforme-lea.fr\/en\/equipes-impliquees\/\" \/>\n<meta property=\"og:locale\" content=\"en_US\" \/>\n<meta property=\"og:type\" content=\"article\" \/>\n<meta property=\"og:title\" content=\"Teams involved - Lea\" \/>\n<meta property=\"og:description\" content=\"The program, initiated in 2004 in Marseille and Nancy, brings together 18 university hospital centers in 2020. This progressive extension [&hellip;]\" \/>\n<meta property=\"og:url\" content=\"https:\/\/plateforme-lea.fr\/en\/equipes-impliquees\/\" \/>\n<meta property=\"og:site_name\" content=\"Lea\" \/>\n<meta property=\"article:modified_time\" content=\"2021-06-02T13:40:03+00:00\" \/>\n<meta name=\"twitter:card\" content=\"summary_large_image\" \/>\n<meta name=\"twitter:label1\" content=\"Est. reading time\" \/>\n\t<meta name=\"twitter:data1\" content=\"3 minutes\" \/>\n<script type=\"application\/ld+json\" class=\"yoast-schema-graph\">{\"@context\":\"https:\/\/schema.org\",\"@graph\":[{\"@type\":[\"WebPage\",\"MedicalWebPage\"],\"@id\":\"https:\/\/plateforme-lea.fr\/en\/equipes-impliquees\/\",\"url\":\"https:\/\/plateforme-lea.fr\/en\/equipes-impliquees\/\",\"name\":\"Teams involved - Lea\",\"isPartOf\":{\"@id\":\"https:\/\/plateforme-lea.fr\/en\/#website\"},\"datePublished\":\"2020-12-19T09:31:26+00:00\",\"dateModified\":\"2021-06-02T13:40:03+00:00\",\"breadcrumb\":{\"@id\":\"https:\/\/plateforme-lea.fr\/en\/equipes-impliquees\/#breadcrumb\"},\"inLanguage\":\"en-US\",\"potentialAction\":[{\"@type\":\"ReadAction\",\"target\":[\"https:\/\/plateforme-lea.fr\/en\/equipes-impliquees\/\"]}]},{\"@type\":\"BreadcrumbList\",\"@id\":\"https:\/\/plateforme-lea.fr\/en\/equipes-impliquees\/#breadcrumb\",\"itemListElement\":[{\"@type\":\"ListItem\",\"position\":1,\"name\":\"Home\",\"item\":\"https:\/\/plateforme-lea.fr\/en\/\"},{\"@type\":\"ListItem\",\"position\":2,\"name\":\"Teams involved\"}]},{\"@type\":\"WebSite\",\"@id\":\"https:\/\/plateforme-lea.fr\/en\/#website\",\"url\":\"https:\/\/plateforme-lea.fr\/en\/\",\"name\":\"Lea\",\"description\":\"Malignant haemopathies in children and adolescents\",\"publisher\":{\"@id\":\"https:\/\/plateforme-lea.fr\/en\/#organization\"},\"potentialAction\":[{\"@type\":\"SearchAction\",\"target\":{\"@type\":\"EntryPoint\",\"urlTemplate\":\"https:\/\/plateforme-lea.fr\/en\/?s={search_term_string}\"},\"query-input\":{\"@type\":\"PropertyValueSpecification\",\"valueRequired\":true,\"valueName\":\"search_term_string\"}}],\"inLanguage\":\"en-US\"},{\"@type\":\"Organization\",\"@id\":\"https:\/\/plateforme-lea.fr\/en\/#organization\",\"name\":\"Plateforme LEA\",\"url\":\"https:\/\/plateforme-lea.fr\/en\/\",\"logo\":{\"@type\":\"ImageObject\",\"inLanguage\":\"en-US\",\"@id\":\"https:\/\/plateforme-lea.fr\/en\/#\/schema\/logo\/image\/\",\"url\":\"https:\/\/plateforme-lea.fr\/wp-content\/uploads\/2020\/12\/cropped-lea-logotype.png\",\"contentUrl\":\"https:\/\/plateforme-lea.fr\/wp-content\/uploads\/2020\/12\/cropped-lea-logotype.png\",\"width\":600,\"height\":260,\"caption\":\"Plateforme LEA\"},\"image\":{\"@id\":\"https:\/\/plateforme-lea.fr\/en\/#\/schema\/logo\/image\/\"}}]}<\/script>\n<!-- \/ Yoast SEO plugin. -->","yoast_head_json":{"title":"Teams involved - Lea","robots":{"index":"index","follow":"follow","max-snippet":"max-snippet:-1","max-image-preview":"max-image-preview:large","max-video-preview":"max-video-preview:-1"},"canonical":"https:\/\/plateforme-lea.fr\/en\/equipes-impliquees\/","og_locale":"en_US","og_type":"article","og_title":"Teams involved - Lea","og_description":"The program, initiated in 2004 in Marseille and Nancy, brings together 18 university hospital centers in 2020. This progressive extension [&hellip;]","og_url":"https:\/\/plateforme-lea.fr\/en\/equipes-impliquees\/","og_site_name":"Lea","article_modified_time":"2021-06-02T13:40:03+00:00","twitter_card":"summary_large_image","twitter_misc":{"Est. reading time":"3 minutes"},"schema":{"@context":"https:\/\/schema.org","@graph":[{"@type":["WebPage","MedicalWebPage"],"@id":"https:\/\/plateforme-lea.fr\/en\/equipes-impliquees\/","url":"https:\/\/plateforme-lea.fr\/en\/equipes-impliquees\/","name":"Teams involved - Lea","isPartOf":{"@id":"https:\/\/plateforme-lea.fr\/en\/#website"},"datePublished":"2020-12-19T09:31:26+00:00","dateModified":"2021-06-02T13:40:03+00:00","breadcrumb":{"@id":"https:\/\/plateforme-lea.fr\/en\/equipes-impliquees\/#breadcrumb"},"inLanguage":"en-US","potentialAction":[{"@type":"ReadAction","target":["https:\/\/plateforme-lea.fr\/en\/equipes-impliquees\/"]}]},{"@type":"BreadcrumbList","@id":"https:\/\/plateforme-lea.fr\/en\/equipes-impliquees\/#breadcrumb","itemListElement":[{"@type":"ListItem","position":1,"name":"Home","item":"https:\/\/plateforme-lea.fr\/en\/"},{"@type":"ListItem","position":2,"name":"Teams involved"}]},{"@type":"WebSite","@id":"https:\/\/plateforme-lea.fr\/en\/#website","url":"https:\/\/plateforme-lea.fr\/en\/","name":"Lea","description":"Malignant haemopathies in children and adolescents","publisher":{"@id":"https:\/\/plateforme-lea.fr\/en\/#organization"},"potentialAction":[{"@type":"SearchAction","target":{"@type":"EntryPoint","urlTemplate":"https:\/\/plateforme-lea.fr\/en\/?s={search_term_string}"},"query-input":{"@type":"PropertyValueSpecification","valueRequired":true,"valueName":"search_term_string"}}],"inLanguage":"en-US"},{"@type":"Organization","@id":"https:\/\/plateforme-lea.fr\/en\/#organization","name":"Plateforme LEA","url":"https:\/\/plateforme-lea.fr\/en\/","logo":{"@type":"ImageObject","inLanguage":"en-US","@id":"https:\/\/plateforme-lea.fr\/en\/#\/schema\/logo\/image\/","url":"https:\/\/plateforme-lea.fr\/wp-content\/uploads\/2020\/12\/cropped-lea-logotype.png","contentUrl":"https:\/\/plateforme-lea.fr\/wp-content\/uploads\/2020\/12\/cropped-lea-logotype.png","width":600,"height":260,"caption":"Plateforme LEA"},"image":{"@id":"https:\/\/plateforme-lea.fr\/en\/#\/schema\/logo\/image\/"}}]}},"_links":{"self":[{"href":"https:\/\/plateforme-lea.fr\/en\/wp-json\/wp\/v2\/pages\/29","targetHints":{"allow":["GET"]}}],"collection":[{"href":"https:\/\/plateforme-lea.fr\/en\/wp-json\/wp\/v2\/pages"}],"about":[{"href":"https:\/\/plateforme-lea.fr\/en\/wp-json\/wp\/v2\/types\/page"}],"author":[{"embeddable":true,"href":"https:\/\/plateforme-lea.fr\/en\/wp-json\/wp\/v2\/users\/1"}],"replies":[{"embeddable":true,"href":"https:\/\/plateforme-lea.fr\/en\/wp-json\/wp\/v2\/comments?post=29"}],"version-history":[{"count":0,"href":"https:\/\/plateforme-lea.fr\/en\/wp-json\/wp\/v2\/pages\/29\/revisions"}],"wp:attachment":[{"href":"https:\/\/plateforme-lea.fr\/en\/wp-json\/wp\/v2\/media?parent=29"}],"curies":[{"name":"wp","href":"https:\/\/api.w.org\/{rel}","templated":true}]}}